{"id":14,"date":"2015-01-09T14:22:11","date_gmt":"2015-01-09T14:22:11","guid":{"rendered":"http:\/\/www.bronze-de-paris.com\/fr\/?page_id=14"},"modified":"2024-02-13T10:49:54","modified_gmt":"2024-02-13T10:49:54","slug":"contact","status":"publish","type":"page","link":"https:\/\/www.bronze-de-paris.com\/fr\/contact\/","title":{"rendered":"contact"},"content":{"rendered":"<div class=\"su-animate\" style=\"opacity:0;-webkit-animation-duration:1s;-webkit-animation-delay:0.1s;animation-duration:1s;animation-delay:0.1s;\" data-animation=\"fadeInUp\" data-duration=\"1\" data-delay=\"0.1\">\n<div style=\"background: url('http:\/\/www.bronze-de-paris.com\/wp-content\/uploads\/2014\/12\/background_contact_flamme.jpg') no-repeat center bottom; height: 453px; margin-right: 10%;\">\n<h6 style=\"text-align: right; color: #5f5f5f;\">en France comme \u00e0 l&rsquo;\u00e9tranger.<\/style>\n<\/h6>\n<hr style=\"width: 100%; border: dotted 0.5px; color: #5f5f5f;\" \/>\n<\/style>\n<h6 style=\"text-align: right; color: #5f5f5f;\">+33 1 64 69 20 75 \/ +33 6 80 40 61 22<br \/>\n2, rue d&rsquo;Auvergne<br \/>\n77430 CHAMPAGNE SUR SEINE &#8211; FRANCE<\/style>\n<\/h6>\n<div style=\"width: 35%; float: right;\">\n<div class=\"wpcf7 no-js\" id=\"wpcf7-f62-o1\" lang=\"fr-FR\" dir=\"ltr\" data-wpcf7-id=\"62\">\n<div class=\"screen-reader-response\"><p role=\"status\" aria-live=\"polite\" aria-atomic=\"true\"><\/p> <ul><\/ul><\/div>\n<form action=\"\/fr\/wp-json\/wp\/v2\/pages\/14#wpcf7-f62-o1\" method=\"post\" class=\"wpcf7-form init\" aria-label=\"Formulaire de contact\" novalidate=\"novalidate\" data-status=\"init\">\n<fieldset class=\"hidden-fields-container\"><input type=\"hidden\" name=\"_wpcf7\" value=\"62\" \/><input type=\"hidden\" name=\"_wpcf7_version\" value=\"6.1.5\" \/><input type=\"hidden\" name=\"_wpcf7_locale\" value=\"fr_FR\" \/><input type=\"hidden\" name=\"_wpcf7_unit_tag\" value=\"wpcf7-f62-o1\" \/><input type=\"hidden\" name=\"_wpcf7_container_post\" value=\"0\" \/><input type=\"hidden\" name=\"_wpcf7_posted_data_hash\" value=\"\" \/>\n<\/fieldset>\n<h6 style=\"text-align: right; color: #5f5f5f;\">Votre nom (obligatoire)<br \/>\n<span class=\"wpcf7-form-control-wrap\" data-name=\"your-name\"><input size=\"40\" maxlength=\"400\" class=\"wpcf7-form-control wpcf7-text wpcf7-validates-as-required\" aria-required=\"true\" aria-invalid=\"false\" value=\"\" type=\"text\" name=\"your-name\" \/><\/span>\n<\/h6>\n<h6 style=\"text-align: right; color: #5f5f5f;\">Votre email (obligatoire)<br \/>\n<span class=\"wpcf7-form-control-wrap\" data-name=\"your-email\"><input size=\"40\" maxlength=\"400\" class=\"wpcf7-form-control wpcf7-email wpcf7-validates-as-required wpcf7-text wpcf7-validates-as-email\" aria-required=\"true\" aria-invalid=\"false\" value=\"\" type=\"email\" name=\"your-email\" \/><\/span>\n<\/h6>\n<h6 style=\"text-align: right; color: #5f5f5f;\">Sujet<br \/>\n<span class=\"wpcf7-form-control-wrap\" data-name=\"your-subject\"><input size=\"40\" maxlength=\"400\" class=\"wpcf7-form-control wpcf7-text\" aria-invalid=\"false\" value=\"\" type=\"text\" name=\"your-subject\" \/><\/span>\n<\/h6>\n<h6 style=\"text-align: right; color: #5f5f5f;\">Votre message<br \/>\n<span class=\"wpcf7-form-control-wrap\" data-name=\"your-message\"><textarea cols=\"40\" rows=\"10\" maxlength=\"2000\" class=\"wpcf7-form-control wpcf7-textarea\" aria-invalid=\"false\" name=\"your-message\"><\/textarea><\/span>\n<\/h6>\n<p><span class=\"wpcf7-form-control-wrap\" data-name=\"consentement2\"><span class=\"wpcf7-form-control wpcf7-checkbox wpcf7-validates-as-required\"><span class=\"wpcf7-list-item first last\"><span class=\"wpcf7-list-item-label\">En cochant cette case, j&#039;accepte que les informations collect\u00e9es soient utilis\u00e9es pour permettre de me recontacter et d\u00e9clare avoir prix connaissance de votre politique de confidentialit\u00e9. Ce champs est requis pour pouvoir envoyer votre message.<\/span><input type=\"checkbox\" name=\"consentement2[]\" value=\"En cochant cette case, j&#039;accepte que les informations collect\u00e9es soient utilis\u00e9es pour permettre de me recontacter et d\u00e9clare avoir prix connaissance de votre politique de confidentialit\u00e9. Ce champs est requis pour pouvoir envoyer votre message.\" \/><\/span><\/span><\/span>\n<\/p>\n<h6 span style=\"text-align: right; color: #5f5f5f;\"><input class=\"wpcf7-form-control wpcf7-submit has-spinner\" type=\"submit\" value=\"Envoyer\" \/>\n<\/h6><p style=\"display: none !important;\" class=\"akismet-fields-container\" data-prefix=\"_wpcf7_ak_\"><label>&#916;<textarea name=\"_wpcf7_ak_hp_textarea\" cols=\"45\" rows=\"8\" maxlength=\"100\"><\/textarea><\/label><input type=\"hidden\" id=\"ak_js_1\" name=\"_wpcf7_ak_js\" value=\"162\"\/><script>document.getElementById( \"ak_js_1\" ).setAttribute( \"value\", ( new Date() ).getTime() );<\/script><\/p><div class=\"wpcf7-response-output\" aria-hidden=\"true\"><\/div>\n<\/form>\n<\/div>\n<\/div>\n<\/div>\n<\/div>\n","protected":false},"excerpt":{"rendered":"","protected":false},"author":1,"featured_media":0,"parent":0,"menu_order":0,"comment_status":"closed","ping_status":"open","template":"page-full_width.php","meta":{"_monsterinsights_skip_tracking":false,"_monsterinsights_sitenote_active":false,"_monsterinsights_sitenote_note":"","_monsterinsights_sitenote_category":0,"footnotes":""},"class_list":["post-14","page","type-page","status-publish","hentry"],"aioseo_notices":[],"_links":{"self":[{"href":"https:\/\/www.bronze-de-paris.com\/fr\/wp-json\/wp\/v2\/pages\/14","targetHints":{"allow":["GET"]}}],"collection":[{"href":"https:\/\/www.bronze-de-paris.com\/fr\/wp-json\/wp\/v2\/pages"}],"about":[{"href":"https:\/\/www.bronze-de-paris.com\/fr\/wp-json\/wp\/v2\/types\/page"}],"author":[{"embeddable":true,"href":"https:\/\/www.bronze-de-paris.com\/fr\/wp-json\/wp\/v2\/users\/1"}],"replies":[{"embeddable":true,"href":"https:\/\/www.bronze-de-paris.com\/fr\/wp-json\/wp\/v2\/comments?post=14"}],"version-history":[{"count":7,"href":"https:\/\/www.bronze-de-paris.com\/fr\/wp-json\/wp\/v2\/pages\/14\/revisions"}],"predecessor-version":[{"id":146,"href":"https:\/\/www.bronze-de-paris.com\/fr\/wp-json\/wp\/v2\/pages\/14\/revisions\/146"}],"wp:attachment":[{"href":"https:\/\/www.bronze-de-paris.com\/fr\/wp-json\/wp\/v2\/media?parent=14"}],"curies":[{"name":"wp","href":"https:\/\/api.w.org\/{rel}","templated":true}]}}