{"id":33,"date":"2015-01-09T15:46:54","date_gmt":"2015-01-09T15:46:54","guid":{"rendered":"http:\/\/www.bronze-de-paris.com\/fr\/?page_id=33"},"modified":"2015-01-12T02:22:28","modified_gmt":"2015-01-12T02:22:28","slug":"collections","status":"publish","type":"page","link":"https:\/\/www.bronze-de-paris.com\/fr\/collections\/","title":{"rendered":"collections"},"content":{"rendered":"<div class=\"su-tabs su-tabs-style-default su-tabs-mobile-stack\" data-active=\"1\" data-scroll-offset=\"0\" data-anchor-in-url=\"no\"><div class=\"su-tabs-nav\"><span class=\"\" data-url=\"\" data-target=\"blank\" tabindex=\"0\" role=\"button\">Chemin\u00e9es d'exception<\/span><span class=\"\" data-url=\"\" data-target=\"blank\" tabindex=\"0\" role=\"button\">So bronze<\/span><\/div><div class=\"su-tabs-panes\"><div class=\"su-tabs-pane su-u-clearfix su-u-trim\" data-title=\"Chemin\u00e9es d&#039;exception\">\n<h6 style=\"text-align: right; color: #A0A0A0;\">Les chemin\u00e9es sont le plus souvent r\u00e9alis\u00e9es en pierre pour les plus rustiques ou en m\u00e9tal pour les plus contemporaines. Pour rompre ce classicisme et en exclusivit\u00e9, notre atelier vous propose de r\u00e9aliser sur-mesure votre chemin\u00e9e de r\u00eave en manteau de bronze.<br \/>\nUnique et exceptionnelle.<\/h6>\n<h5 style=\"text-align: right; color: #aaaaaa;\">Osez la diff\u00e9rence. Osez le bronze et retrouvez la flamme.<\/h5>\n<hr style=\"width: 100%; border: dotted 0.5px; color: #2d2d2d;\" \/>\n<div class=\"su-animate\" style=\"opacity:0;-webkit-animation-duration:1s;-webkit-animation-delay:0s;animation-duration:1s;animation-delay:0s;\" data-animation=\"fadeInUp\" data-duration=\"1\" data-delay=\"0\">\n<div id=\"su_slider_69d5792c52d02\" class=\"su-slider su-slider-centered su-slider-pages-yes su-slider-responsive-yes\" style=\"width:100%\" data-autoplay=\"0\" data-speed=\"600\" data-mousewheel=\"false\"><div class=\"su-slider-slides\"><div class=\"su-slider-slide\"><a><img decoding=\"async\" src=\"https:\/\/www.bronze-de-paris.com\/fr\/wp-content\/uploads\/sites\/2\/2015\/01\/cheminee_bronze_elephant.jpg\" alt=\"cheminee_bronze_elephant\" \/><\/a><\/div><div class=\"su-slider-slide\"><a><img decoding=\"async\" src=\"https:\/\/www.bronze-de-paris.com\/fr\/wp-content\/uploads\/sites\/2\/2015\/01\/cheminee_bronze_elephant_detail_1.jpg\" alt=\"cheminee_bronze_elephant_detail_1\" \/><\/a><\/div><\/div><div class=\"su-slider-nav\"><div class=\"su-slider-direction\"><span class=\"su-slider-prev\"><\/span><span class=\"su-slider-next\"><\/span><\/div><div class=\"su-slider-pagination\"><\/div><\/div><\/div>\n<\/div>\n<div class=\"su-spacer\" style=\"height:30px\"><\/div>\n<h6 style=\"text-align: right; color: #A0A0A0;\">Habillez votre foyer d&rsquo;un manteau de bronze. Nous concevons et r\u00e9alisons votre manteau de chemin\u00e9e sur-mesure.<br \/>\nDes r\u00e9alisations de prestige uniques alliant noblesse du m\u00e9tal et design moderne.<\/h6>\n<div class=\"su-spacer\" style=\"height:30px\"><\/div>\n<div class=\"su-animate\" style=\"opacity:0;-webkit-animation-duration:1s;-webkit-animation-delay:0.2s;animation-duration:1s;animation-delay:0.2s;\" data-animation=\"fadeInUp\" data-duration=\"1\" data-delay=\"0.2\">\n<img loading=\"lazy\" decoding=\"async\" class=\"aligncenter wp-image-928 size-full\" src=\"http:\/\/www.bronze-de-paris.com\/wp-content\/uploads\/2014\/10\/cheminee_planche_contact-e1418898422955.jpg\" alt=\"chemin\u00e9es en bronze \u00e9ric Lopes de Sousa \/ planche contact\" width=\"1020\" height=\"771\" \/><br \/>\n<\/div>\n<div class=\"su-animate\" style=\"opacity:0;-webkit-animation-duration:1s;-webkit-animation-delay:0s;animation-duration:1s;animation-delay:0s;\" data-animation=\"fadeInUp\" data-duration=\"1\" data-delay=\"0\">\n<div style=\"background: url('http:\/\/www.bronze-de-paris.com\/wp-content\/uploads\/2014\/10\/header_1.jpg') no-repeat center;\"><a href=\"http:\/\/www.bronze-de-paris.com\/wp-content\/uploads\/2014\/10\/2012-06-04-11.02.32_cheminee.jpg\"><img loading=\"lazy\" decoding=\"async\" class=\"alignleft wp-image-315 size-medium\" src=\"http:\/\/www.bronze-de-paris.com\/wp-content\/uploads\/2014\/10\/2012-06-04-11.02.32_cheminee-300x300.jpg\" alt=\"chemin\u00e9e en bronze\" width=\"300\" height=\"300\" \/><\/a><a href=\"http:\/\/www.bronze-de-paris.com\/wp-content\/uploads\/2014\/12\/photo-i-phone-5-024_cheminee.jpg\"><img loading=\"lazy\" decoding=\"async\" class=\"alignleft wp-image-1061 size-medium\" src=\"http:\/\/www.bronze-de-paris.com\/wp-content\/uploads\/2014\/12\/photo-i-phone-5-024_cheminee-300x300.jpg\" alt=\"chemin\u00e9e en bronze - \u00e9ric Lopes de Sousa \" width=\"300\" height=\"300\" \/><\/a><\/div>\n<p>&nbsp;<\/p>\n<h5 style=\"text-align: right; color: #A0A0A0;\">Des chemin\u00e9es d&rsquo;exception, pour un art de vivre \u00e0 la fran\u00e7aise.<\/h5>\n<\/div>\n<\/div>\n<div class=\"su-tabs-pane su-u-clearfix su-u-trim\" data-title=\"So bronze\">\n<h6 style=\"text-align: right; color: #A0A0A0;\">La profondeur d\u2019une texture, la gr\u00e2ce d\u2019une ligne, l\u2019intensit\u00e9 d\u2019un mat\u00e9riau noble au service du luxe et de l\u2019excellence caract\u00e9risent nos r\u00e9alisations. Du sol au plafond, d\u00e9licates ou massives, elles sauront r\u00e9pondre \u00e0 toutes vos envies et attentes de d\u00e9coration ou d&rsquo;am\u00e9nagement. De l\u2019applique \u00e0 la rambarde d\u2019escalier, du lustre au gu\u00e9ridon, laissez parler l&rsquo;airain, sentez le vent et laissez faire l&rsquo;ordre des choses&#8230;<\/h6>\n<h5 style=\"text-align: right; color: #aaaaaa;\">Ouvrez une porte dans la nuit des temps.<\/h5>\n<hr style=\"width: 100%; border: dotted 0.5px; color: #2d2d2d;\" \/>\n<div class=\"su-animate\" style=\"opacity:0;-webkit-animation-duration:1s;-webkit-animation-delay:0s;animation-duration:1s;animation-delay:0s;\" data-animation=\"fadeInUp\" data-duration=\"1\" data-delay=\"0\">\n<img loading=\"lazy\" decoding=\"async\" class=\"aligncenter wp-image-991 size-full\" src=\"http:\/\/www.bronze-de-paris.com\/wp-content\/uploads\/2014\/10\/rambarde_face.jpg\" alt=\"rambarde en bronze \u00e9ric Lopes de Sousa\" width=\"483\" height=\"800\" \/><br \/>\n<\/div>\n<h6 style=\"text-align: right; color: #A0A0A0\">Particuli\u00e8rement attach\u00e9s \u00e0 la personnification de nos r\u00e9alisations, par respect pour le droit \u00e0 l&rsquo;image et l&rsquo;intimit\u00e9 de nos partenaires, compte tenu du caract\u00e8re unique de chaque pi\u00e8ce, nous ne nous autorisons pas \u00e0 publier les images de ces pi\u00e8ces sur cette page.<br \/>\nNous vous invitons \u00e0 prendre <a title=\"contact\" href=\"http:\/\/www.bronze-de-paris.com\/?page_id=10\"><span style=\"color: #aaaaaa; text-align: right;\">contact<\/span><\/a> avec nous si vous souhaitez des informations suppl\u00e9mentaires.<\/h6>\n<\/div><\/div><\/div>\n","protected":false},"excerpt":{"rendered":"","protected":false},"author":1,"featured_media":0,"parent":0,"menu_order":0,"comment_status":"closed","ping_status":"closed","template":"page-full_width.php","meta":{"_monsterinsights_skip_tracking":false,"_monsterinsights_sitenote_active":false,"_monsterinsights_sitenote_note":"","_monsterinsights_sitenote_category":0,"footnotes":""},"class_list":["post-33","page","type-page","status-publish","hentry"],"aioseo_notices":[],"_links":{"self":[{"href":"https:\/\/www.bronze-de-paris.com\/fr\/wp-json\/wp\/v2\/pages\/33","targetHints":{"allow":["GET"]}}],"collection":[{"href":"https:\/\/www.bronze-de-paris.com\/fr\/wp-json\/wp\/v2\/pages"}],"about":[{"href":"https:\/\/www.bronze-de-paris.com\/fr\/wp-json\/wp\/v2\/types\/page"}],"author":[{"embeddable":true,"href":"https:\/\/www.bronze-de-paris.com\/fr\/wp-json\/wp\/v2\/users\/1"}],"replies":[{"embeddable":true,"href":"https:\/\/www.bronze-de-paris.com\/fr\/wp-json\/wp\/v2\/comments?post=33"}],"version-history":[{"count":1,"href":"https:\/\/www.bronze-de-paris.com\/fr\/wp-json\/wp\/v2\/pages\/33\/revisions"}],"predecessor-version":[{"id":34,"href":"https:\/\/www.bronze-de-paris.com\/fr\/wp-json\/wp\/v2\/pages\/33\/revisions\/34"}],"wp:attachment":[{"href":"https:\/\/www.bronze-de-paris.com\/fr\/wp-json\/wp\/v2\/media?parent=33"}],"curies":[{"name":"wp","href":"https:\/\/api.w.org\/{rel}","templated":true}]}}