{"id":5,"date":"2015-01-09T14:05:11","date_gmt":"2015-01-09T14:05:11","guid":{"rendered":"http:\/\/www.bronze-de-paris.com\/fr\/?page_id=5"},"modified":"2019-03-07T14:37:16","modified_gmt":"2019-03-07T14:37:16","slug":"a-propos","status":"publish","type":"page","link":"https:\/\/www.bronze-de-paris.com\/fr\/a-propos\/","title":{"rendered":"\u00e0 propos"},"content":{"rendered":"<div style=\"background: url('http:\/\/www.bronze-de-paris.com\/wp-content\/uploads\/2014\/10\/background_a_propos.jpg') no-repeat top right; background-size: 600px 400px;\">\n<div class=\"su-row\">\n<div class=\"su-column su-column-size-1-3\"><div class=\"su-column-inner su-u-clearfix su-u-trim\">\n<div class=\"su-animate\" style=\"opacity:0;-webkit-animation-duration:1s;-webkit-animation-delay:0s;animation-duration:1s;animation-delay:0s;\" data-animation=\"fadeInLeft\" data-duration=\"1\" data-delay=\"0\">\n<h2 style=\"text-align: right; color: #5f5f5f;;\"><strong>FONDERIE<\/strong><\/h2>\n<\/div>\n<div class=\"su-animate\" style=\"opacity:0;-webkit-animation-duration:1s;-webkit-animation-delay:0.1s;animation-duration:1s;animation-delay:0.1s;\" data-animation=\"fadeInLeft\" data-duration=\"1\" data-delay=\"0.1\">\n<h3 style=\"text-align: right;color: #5f5f5f;\"><strong>CISELURE<\/strong><\/h3>\n<\/div>\n<div class=\"su-animate\" style=\"opacity:0;-webkit-animation-duration:1s;-webkit-animation-delay:0.2s;animation-duration:1s;animation-delay:0.2s;\" data-animation=\"fadeInLeft\" data-duration=\"1\" data-delay=\"0.2\">\n<h6 style=\"text-align: right; color: #5f5f5f;\"><strong>MONTURE<\/strong><\/h6>\n<\/div>\n<div class=\"su-animate\" style=\"opacity:0;-webkit-animation-duration:1s;-webkit-animation-delay:0.3s;animation-duration:1s;animation-delay:0.3s;\" data-animation=\"fadeInLeft\" data-duration=\"1\" data-delay=\"0.3\">\n<p style=\"text-align: right; color: #5f5f5f;\"><strong>PATINE<\/strong><\/p>\n<\/div>\n<hr style=\"width: 100%; border: dotted 0.5px; color: #5f5f5f;\" \/>\n<div class=\"su-animate\" style=\"opacity:0;-webkit-animation-duration:1s;-webkit-animation-delay:0s;animation-duration:1s;animation-delay:0s;\" data-animation=\"fadeInLeft\" data-duration=\"1\" data-delay=\"0\">\n<h5 style=\"text-align: right; color: #5f5f5f;\">Une touche de <em>french touch&#8230;<\/em><\/h5>\n<p style=\"text-align: right; color: #5f5f5f;\">Fermez les yeux. Rouvrez-les.<br \/>\nVoil\u00e0, nous avions rendez-vous. Profitez.<\/p>\n<\/div>\n<\/div><\/div>\n<div class=\"su-column su-column-size-1-3\"><div class=\"su-column-inner su-u-clearfix su-u-trim\">\n<hr style=\"width: 100%; border: dotted 0.5px; color: #5f5f5f;\" \/>\n<h5 style=\"text-align: center;\"><span class=\"su-highlight\" style=\"background:#5E594E;color:#aaaaaa\">&nbsp;le bronze, un alliage d&rsquo;art&nbsp;<\/span><\/h5>\n<hr style=\"width: 100%; border: dotted 0.5px; color: #5f5f5f;\" \/>\n<span class=\"su-dropcap su-dropcap-style-default\" style=\"font-size:1.5em\">30<\/span> <span style=\"color: #5f5f5f;\">ans d\u2019exp\u00e9rience en collaboration avec des artistes contemporains, sculpteurs, \u00e9b\u00e9nistes, architectes, d\u00e9corateurs, ont permis d\u2019associer le bronze \u00e0 de nombreuses compositions. Des orf\u00e8vreries les plus fines aux arabesques majestueuses, capables de toutes les couleurs, de toutes les audaces, le bronze se pr\u00eate \u00e0 toutes les envies comme \u00e0 tous les raffinements. Rampes d&rsquo;escalier, luminaires, portes, sculptures, manteaux de chemin\u00e9e, fondu, cisel\u00e9, mont\u00e9, patin\u00e9, polychrom\u00e9, le bronze n&rsquo;aura d&rsquo;autres limites que celles de votre imagination.<span\/><\/div><\/div>\n<div class=\"su-column su-column-size-1-3\"><div class=\"su-column-inner su-u-clearfix su-u-trim\">\n<div class=\"su-quote su-quote-style-default\"><div class=\"su-quote-inner su-u-clearfix su-u-trim\">\n<h4><span style=\"color: #aaaaaa;\"><strong>Le bonheur, amie, est chose grave. Il veut des coeurs de bronze et lentement s&rsquo;y grave.<\/strong><\/span><\/h4>\n<\/div><\/div>\n<div class=\"su-accordion su-u-trim\">\n<div class=\"su-animate\" style=\"opacity:0;-webkit-animation-duration:1s;-webkit-animation-delay:0.2s;animation-duration:1s;animation-delay:0.2s;\" data-animation=\"fadeInRight\" data-duration=\"1\" data-delay=\"0.2\"><div class=\"su-spoiler su-spoiler-style-fancy su-spoiler-icon-plus su-spoiler-closed\" data-scroll-offset=\"0\" data-anchor-in-url=\"no\"><div class=\"su-spoiler-title\" tabindex=\"0\" role=\"button\"><span class=\"su-spoiler-icon\"><\/span>NOTRE M\u00c9TIER<\/div><div class=\"su-spoiler-content su-u-clearfix su-u-trim\">\n<p><strong>Notre m\u00e9tier, l&rsquo;excellence.<\/strong><br \/>\n<div class=\"su-pullquote su-pullquote-align-right\"><strong>Nous aimons notre m\u00e9tier, voil\u00e0 notre garantie.<\/strong><\/div>\n<p>Bronzier de p\u00e8re en fils, dipl\u00f4m\u00e9 de l\u2019\u00e9cole Boulle, \u00c9ric exerce sa passion depuis plus de trente ans aux quatre coins du monde dans le respect et le prolongement d\u2019une tradition d\u2019excellence \u00e0 la fran\u00e7aise garantissant la qualit\u00e9 d\u2019une manufacture rigoureuse.<\/p>\n<\/div><\/div><\/div>\n<div class=\"su-animate\" style=\"opacity:0;-webkit-animation-duration:1s;-webkit-animation-delay:0.4s;animation-duration:1s;animation-delay:0.4s;\" data-animation=\"fadeInUp\" data-duration=\"1\" data-delay=\"0.4\"><div class=\"su-spoiler su-spoiler-style-fancy su-spoiler-icon-plus su-spoiler-closed\" data-scroll-offset=\"0\" data-anchor-in-url=\"no\"><div class=\"su-spoiler-title\" tabindex=\"0\" role=\"button\"><span class=\"su-spoiler-icon\"><\/span>NOS ENGAGEMENTS<\/div><div class=\"su-spoiler-content su-u-clearfix su-u-trim\">\n<p>Nous assurons le suivi de l&rsquo;int\u00e9gralit\u00e9 de votre projet : \u00e9tude, r\u00e9alisation, pose.<\/p>\n<p>Nous travaillons en France comme \u00e0 l&rsquo;\u00e9tranger.<\/p>\n<p>Nous garantissons la qualit\u00e9 d\u2019une manufacture d\u2019excellence r\u00e9alis\u00e9e dans les r\u00e8gles de l\u2019art.<\/p>\n<p>Nous sommes \u00e0 votre enti\u00e8re \u00e9coute pour \u00e9laborer conjointement votre projet personnalis\u00e9.<br \/>\n<\/div><\/div><\/div>\n<\/div>\n<\/div><\/div><\/div>\n<hr style=\"width: 100%; border: dotted 0.5px; color: #5f5f5f;\" \/>\n<hr style=\"width: 33%; border: dotted 0.5px; color: #5f5f5f; margin: auto;\" \/>\n<hr style=\"width: 11%; border: dotted 0.5px; color: #5f5f5f; margin-left: auto; margin-right: auto;\" \/>\n<p style=\"text-align: center;\"><a title=\"contact\" href=\"http:\/\/www.bronze-de-paris.com\/contact\"><span style=\"color: #5f5f5f;\">Faites appel \u00e0 nos services<\/a> pour la d\u00e9coration de votre int\u00e9rieur.<span\/><\/p>\n<\/div>\n","protected":false},"excerpt":{"rendered":"<p>Faites appel \u00e0 nos services pour la d\u00e9coration de votre int\u00e9rieur.<\/p>\n","protected":false},"author":1,"featured_media":0,"parent":0,"menu_order":0,"comment_status":"closed","ping_status":"open","template":"page-full_width.php","meta":{"_monsterinsights_skip_tracking":false,"_monsterinsights_sitenote_active":false,"_monsterinsights_sitenote_note":"","_monsterinsights_sitenote_category":0,"footnotes":""},"class_list":["post-5","page","type-page","status-publish","hentry"],"aioseo_notices":[],"_links":{"self":[{"href":"https:\/\/www.bronze-de-paris.com\/fr\/wp-json\/wp\/v2\/pages\/5","targetHints":{"allow":["GET"]}}],"collection":[{"href":"https:\/\/www.bronze-de-paris.com\/fr\/wp-json\/wp\/v2\/pages"}],"about":[{"href":"https:\/\/www.bronze-de-paris.com\/fr\/wp-json\/wp\/v2\/types\/page"}],"author":[{"embeddable":true,"href":"https:\/\/www.bronze-de-paris.com\/fr\/wp-json\/wp\/v2\/users\/1"}],"replies":[{"embeddable":true,"href":"https:\/\/www.bronze-de-paris.com\/fr\/wp-json\/wp\/v2\/comments?post=5"}],"version-history":[{"count":15,"href":"https:\/\/www.bronze-de-paris.com\/fr\/wp-json\/wp\/v2\/pages\/5\/revisions"}],"predecessor-version":[{"id":69,"href":"https:\/\/www.bronze-de-paris.com\/fr\/wp-json\/wp\/v2\/pages\/5\/revisions\/69"}],"wp:attachment":[{"href":"https:\/\/www.bronze-de-paris.com\/fr\/wp-json\/wp\/v2\/media?parent=5"}],"curies":[{"name":"wp","href":"https:\/\/api.w.org\/{rel}","templated":true}]}}